{"id":3543,"date":"2022-01-10T09:45:07","date_gmt":"2022-01-10T08:45:07","guid":{"rendered":"https:\/\/inova.to\/inovato-2\/"},"modified":"2025-06-16T11:58:39","modified_gmt":"2025-06-16T09:58:39","slug":"inovato-2","status":"publish","type":"page","link":"https:\/\/inova.to\/en\/","title":{"rendered":"Inovato"},"content":{"rendered":"","protected":false},"excerpt":{"rendered":"","protected":false},"author":12,"featured_media":0,"parent":0,"menu_order":0,"comment_status":"closed","ping_status":"closed","template":"index.php","meta":{"_acf_changed":false,"footnotes":""},"class_list":["post-3543","page","type-page","status-publish","hentry"],"acf":[],"yoast_head":"<!-- This site is optimized with the Yoast SEO plugin v27.5 - https:\/\/yoast.com\/product\/yoast-seo-wordpress\/ -->\n<title>INOVATO | My sme INOVATO<\/title>\n<meta name=\"description\" content=\"Sme inova\u010dn\u00e1 sie\u0165, ktor\u00fa tvoria \u00faspe\u0161n\u00ed podnikatelia, \u0161pi\u010dkov\u00ed odborn\u00edci, talentovan\u00ed mlad\u00ed \u013eudia a sk\u00fasen\u00ed experti z r\u00f4znych oborov trhu, ktor\u00ed vz\u00e1jomne zdie\u013eaj\u00fa\ufffd svoje know-how a zdroje v oblasti inov\u00e1ci\u00ed.Sme inova\u010dn\u00e9 laborat\u00f3rium prelomov\u00fdch n\u00e1padov zameran\u00e9 na tvorbu prototypov a biznis modelov.\" \/>\n<meta name=\"robots\" content=\"index, follow, max-snippet:-1, max-image-preview:large, max-video-preview:-1\" \/>\n<link rel=\"canonical\" href=\"https:\/\/inova.to\/en\/\" \/>\n<meta property=\"og:locale\" content=\"en_US\" \/>\n<meta property=\"og:type\" content=\"article\" \/>\n<meta property=\"og:title\" content=\"INOVATO | My sme INOVATO\" \/>\n<meta property=\"og:description\" content=\"Sme inova\u010dn\u00e1 sie\u0165, ktor\u00fa tvoria \u00faspe\u0161n\u00ed podnikatelia, \u0161pi\u010dkov\u00ed odborn\u00edci, talentovan\u00ed mlad\u00ed \u013eudia a sk\u00fasen\u00ed experti z r\u00f4znych oborov trhu, ktor\u00ed vz\u00e1jomne zdie\u013eaj\u00fa\ufffd svoje know-how a zdroje v oblasti inov\u00e1ci\u00ed.Sme inova\u010dn\u00e9 laborat\u00f3rium prelomov\u00fdch n\u00e1padov zameran\u00e9 na tvorbu prototypov a biznis modelov.\" \/>\n<meta property=\"og:url\" content=\"https:\/\/inova.to\/en\/\" \/>\n<meta property=\"og:site_name\" content=\"INOVATO\" \/>\n<meta property=\"article:modified_time\" content=\"2025-06-16T09:58:39+00:00\" \/>\n<meta name=\"twitter:card\" content=\"summary_large_image\" \/>\n<script type=\"application\/ld+json\" class=\"yoast-schema-graph\">{\"@context\":\"https:\\\/\\\/schema.org\",\"@graph\":[{\"@type\":\"WebPage\",\"@id\":\"https:\\\/\\\/inova.to\\\/en\\\/\",\"url\":\"https:\\\/\\\/inova.to\\\/en\\\/\",\"name\":\"INOVATO | My sme INOVATO\",\"isPartOf\":{\"@id\":\"https:\\\/\\\/inova.to\\\/en\\\/#website\"},\"datePublished\":\"2022-01-10T08:45:07+00:00\",\"dateModified\":\"2025-06-16T09:58:39+00:00\",\"description\":\"Sme inova\u010dn\u00e1 sie\u0165, ktor\u00fa tvoria \u00faspe\u0161n\u00ed podnikatelia, \u0161pi\u010dkov\u00ed odborn\u00edci, talentovan\u00ed mlad\u00ed \u013eudia a sk\u00fasen\u00ed experti z r\u00f4znych oborov trhu, ktor\u00ed vz\u00e1jomne zdie\u013eaj\u00fa\ufffd svoje know-how a zdroje v oblasti inov\u00e1ci\u00ed.Sme inova\u010dn\u00e9 laborat\u00f3rium prelomov\u00fdch n\u00e1padov zameran\u00e9 na tvorbu prototypov a biznis modelov.\",\"breadcrumb\":{\"@id\":\"https:\\\/\\\/inova.to\\\/en\\\/#breadcrumb\"},\"inLanguage\":\"en-US\",\"potentialAction\":[{\"@type\":\"ReadAction\",\"target\":[\"https:\\\/\\\/inova.to\\\/en\\\/\"]}]},{\"@type\":\"BreadcrumbList\",\"@id\":\"https:\\\/\\\/inova.to\\\/en\\\/#breadcrumb\",\"itemListElement\":[{\"@type\":\"ListItem\",\"position\":1,\"name\":\"Domovsk\u00e1 str\u00e1nka\",\"item\":\"https:\\\/\\\/inova.to\\\/en\\\/inovato-2\\\/\"},{\"@type\":\"ListItem\",\"position\":2,\"name\":\"Inovato\"}]},{\"@type\":\"WebSite\",\"@id\":\"https:\\\/\\\/inova.to\\\/en\\\/#website\",\"url\":\"https:\\\/\\\/inova.to\\\/en\\\/\",\"name\":\"INOVATO\",\"description\":\"Budujeme inov\u00e1torov a rozv\u00edjame siete spolupr\u00e1ce\",\"potentialAction\":[{\"@type\":\"SearchAction\",\"target\":{\"@type\":\"EntryPoint\",\"urlTemplate\":\"https:\\\/\\\/inova.to\\\/en\\\/?s={search_term_string}\"},\"query-input\":{\"@type\":\"PropertyValueSpecification\",\"valueRequired\":true,\"valueName\":\"search_term_string\"}}],\"inLanguage\":\"en-US\"}]}<\/script>\n<!-- \/ Yoast SEO plugin. -->","yoast_head_json":{"title":"INOVATO | My sme INOVATO","description":"Sme inova\u010dn\u00e1 sie\u0165, ktor\u00fa tvoria \u00faspe\u0161n\u00ed podnikatelia, \u0161pi\u010dkov\u00ed odborn\u00edci, talentovan\u00ed mlad\u00ed \u013eudia a sk\u00fasen\u00ed experti z r\u00f4znych oborov trhu, ktor\u00ed vz\u00e1jomne zdie\u013eaj\u00fa\ufffd svoje know-how a zdroje v oblasti inov\u00e1ci\u00ed.Sme inova\u010dn\u00e9 laborat\u00f3rium prelomov\u00fdch n\u00e1padov zameran\u00e9 na tvorbu prototypov a biznis modelov.","robots":{"index":"index","follow":"follow","max-snippet":"max-snippet:-1","max-image-preview":"max-image-preview:large","max-video-preview":"max-video-preview:-1"},"canonical":"https:\/\/inova.to\/en\/","og_locale":"en_US","og_type":"article","og_title":"INOVATO | My sme INOVATO","og_description":"Sme inova\u010dn\u00e1 sie\u0165, ktor\u00fa tvoria \u00faspe\u0161n\u00ed podnikatelia, \u0161pi\u010dkov\u00ed odborn\u00edci, talentovan\u00ed mlad\u00ed \u013eudia a sk\u00fasen\u00ed experti z r\u00f4znych oborov trhu, ktor\u00ed vz\u00e1jomne zdie\u013eaj\u00fa\ufffd svoje know-how a zdroje v oblasti inov\u00e1ci\u00ed.Sme inova\u010dn\u00e9 laborat\u00f3rium prelomov\u00fdch n\u00e1padov zameran\u00e9 na tvorbu prototypov a biznis modelov.","og_url":"https:\/\/inova.to\/en\/","og_site_name":"INOVATO","article_modified_time":"2025-06-16T09:58:39+00:00","twitter_card":"summary_large_image","schema":{"@context":"https:\/\/schema.org","@graph":[{"@type":"WebPage","@id":"https:\/\/inova.to\/en\/","url":"https:\/\/inova.to\/en\/","name":"INOVATO | My sme INOVATO","isPartOf":{"@id":"https:\/\/inova.to\/en\/#website"},"datePublished":"2022-01-10T08:45:07+00:00","dateModified":"2025-06-16T09:58:39+00:00","description":"Sme inova\u010dn\u00e1 sie\u0165, ktor\u00fa tvoria \u00faspe\u0161n\u00ed podnikatelia, \u0161pi\u010dkov\u00ed odborn\u00edci, talentovan\u00ed mlad\u00ed \u013eudia a sk\u00fasen\u00ed experti z r\u00f4znych oborov trhu, ktor\u00ed vz\u00e1jomne zdie\u013eaj\u00fa\ufffd svoje know-how a zdroje v oblasti inov\u00e1ci\u00ed.Sme inova\u010dn\u00e9 laborat\u00f3rium prelomov\u00fdch n\u00e1padov zameran\u00e9 na tvorbu prototypov a biznis modelov.","breadcrumb":{"@id":"https:\/\/inova.to\/en\/#breadcrumb"},"inLanguage":"en-US","potentialAction":[{"@type":"ReadAction","target":["https:\/\/inova.to\/en\/"]}]},{"@type":"BreadcrumbList","@id":"https:\/\/inova.to\/en\/#breadcrumb","itemListElement":[{"@type":"ListItem","position":1,"name":"Domovsk\u00e1 str\u00e1nka","item":"https:\/\/inova.to\/en\/inovato-2\/"},{"@type":"ListItem","position":2,"name":"Inovato"}]},{"@type":"WebSite","@id":"https:\/\/inova.to\/en\/#website","url":"https:\/\/inova.to\/en\/","name":"INOVATO","description":"Budujeme inov\u00e1torov a rozv\u00edjame siete spolupr\u00e1ce","potentialAction":[{"@type":"SearchAction","target":{"@type":"EntryPoint","urlTemplate":"https:\/\/inova.to\/en\/?s={search_term_string}"},"query-input":{"@type":"PropertyValueSpecification","valueRequired":true,"valueName":"search_term_string"}}],"inLanguage":"en-US"}]}},"_links":{"self":[{"href":"https:\/\/inova.to\/en\/wp-json\/wp\/v2\/pages\/3543","targetHints":{"allow":["GET"]}}],"collection":[{"href":"https:\/\/inova.to\/en\/wp-json\/wp\/v2\/pages"}],"about":[{"href":"https:\/\/inova.to\/en\/wp-json\/wp\/v2\/types\/page"}],"author":[{"embeddable":true,"href":"https:\/\/inova.to\/en\/wp-json\/wp\/v2\/users\/12"}],"replies":[{"embeddable":true,"href":"https:\/\/inova.to\/en\/wp-json\/wp\/v2\/comments?post=3543"}],"version-history":[{"count":8,"href":"https:\/\/inova.to\/en\/wp-json\/wp\/v2\/pages\/3543\/revisions"}],"predecessor-version":[{"id":13113,"href":"https:\/\/inova.to\/en\/wp-json\/wp\/v2\/pages\/3543\/revisions\/13113"}],"wp:attachment":[{"href":"https:\/\/inova.to\/en\/wp-json\/wp\/v2\/media?parent=3543"}],"curies":[{"name":"wp","href":"https:\/\/api.w.org\/{rel}","templated":true}]}}