{"id":3441,"date":"2021-10-20T10:28:37","date_gmt":"2021-10-20T08:28:37","guid":{"rendered":"https:\/\/inova.to\/eventy\/"},"modified":"2022-01-08T01:01:44","modified_gmt":"2022-01-08T00:01:44","slug":"events","status":"publish","type":"page","link":"https:\/\/inova.to\/en\/events\/","title":{"rendered":"Events"},"content":{"rendered":"","protected":false},"excerpt":{"rendered":"","protected":false},"author":12,"featured_media":0,"parent":0,"menu_order":0,"comment_status":"closed","ping_status":"closed","template":"archive-eventy.php","meta":{"_acf_changed":false,"footnotes":""},"class_list":["post-3441","page","type-page","status-publish","hentry"],"acf":[],"yoast_head":"<!-- This site is optimized with the Yoast SEO plugin v27.4 - https:\/\/yoast.com\/product\/yoast-seo-wordpress\/ -->\n<title>Events - INOVATO<\/title>\n<meta name=\"description\" content=\"Najnov\u0161ie technologick\u00e9 pokroky za uplynul\u00ed rok na jednom mieste.\" \/>\n<meta name=\"robots\" content=\"index, follow, max-snippet:-1, max-image-preview:large, max-video-preview:-1\" \/>\n<link rel=\"canonical\" href=\"https:\/\/inova.to\/en\/events\/\" \/>\n<meta property=\"og:locale\" content=\"en_US\" \/>\n<meta property=\"og:type\" content=\"article\" \/>\n<meta property=\"og:title\" content=\"Events - INOVATO\" \/>\n<meta property=\"og:description\" content=\"Najnov\u0161ie technologick\u00e9 pokroky za uplynul\u00ed rok na jednom mieste.\" \/>\n<meta property=\"og:url\" content=\"https:\/\/inova.to\/en\/events\/\" \/>\n<meta property=\"og:site_name\" content=\"INOVATO\" \/>\n<meta property=\"article:modified_time\" content=\"2022-01-08T00:01:44+00:00\" \/>\n<meta name=\"twitter:card\" content=\"summary_large_image\" \/>\n<script type=\"application\/ld+json\" class=\"yoast-schema-graph\">{\"@context\":\"https:\\\/\\\/schema.org\",\"@graph\":[{\"@type\":\"WebPage\",\"@id\":\"https:\\\/\\\/inova.to\\\/en\\\/events\\\/\",\"url\":\"https:\\\/\\\/inova.to\\\/en\\\/events\\\/\",\"name\":\"Events - INOVATO\",\"isPartOf\":{\"@id\":\"https:\\\/\\\/inova.to\\\/en\\\/#website\"},\"datePublished\":\"2021-10-20T08:28:37+00:00\",\"dateModified\":\"2022-01-08T00:01:44+00:00\",\"description\":\"Najnov\u0161ie technologick\u00e9 pokroky za uplynul\u00ed rok na jednom mieste.\",\"breadcrumb\":{\"@id\":\"https:\\\/\\\/inova.to\\\/en\\\/events\\\/#breadcrumb\"},\"inLanguage\":\"en-US\",\"potentialAction\":[{\"@type\":\"ReadAction\",\"target\":[\"https:\\\/\\\/inova.to\\\/en\\\/events\\\/\"]}]},{\"@type\":\"BreadcrumbList\",\"@id\":\"https:\\\/\\\/inova.to\\\/en\\\/events\\\/#breadcrumb\",\"itemListElement\":[{\"@type\":\"ListItem\",\"position\":1,\"name\":\"Domovsk\u00e1 str\u00e1nka\",\"item\":\"https:\\\/\\\/inova.to\\\/en\\\/inovato-2\\\/\"},{\"@type\":\"ListItem\",\"position\":2,\"name\":\"Events\"}]},{\"@type\":\"WebSite\",\"@id\":\"https:\\\/\\\/inova.to\\\/en\\\/#website\",\"url\":\"https:\\\/\\\/inova.to\\\/en\\\/\",\"name\":\"INOVATO\",\"description\":\"Budujeme inov\u00e1torov a rozv\u00edjame siete spolupr\u00e1ce\",\"potentialAction\":[{\"@type\":\"SearchAction\",\"target\":{\"@type\":\"EntryPoint\",\"urlTemplate\":\"https:\\\/\\\/inova.to\\\/en\\\/?s={search_term_string}\"},\"query-input\":{\"@type\":\"PropertyValueSpecification\",\"valueRequired\":true,\"valueName\":\"search_term_string\"}}],\"inLanguage\":\"en-US\"}]}<\/script>\n<!-- \/ Yoast SEO plugin. -->","yoast_head_json":{"title":"Events - INOVATO","description":"Najnov\u0161ie technologick\u00e9 pokroky za uplynul\u00ed rok na jednom mieste.","robots":{"index":"index","follow":"follow","max-snippet":"max-snippet:-1","max-image-preview":"max-image-preview:large","max-video-preview":"max-video-preview:-1"},"canonical":"https:\/\/inova.to\/en\/events\/","og_locale":"en_US","og_type":"article","og_title":"Events - INOVATO","og_description":"Najnov\u0161ie technologick\u00e9 pokroky za uplynul\u00ed rok na jednom mieste.","og_url":"https:\/\/inova.to\/en\/events\/","og_site_name":"INOVATO","article_modified_time":"2022-01-08T00:01:44+00:00","twitter_card":"summary_large_image","schema":{"@context":"https:\/\/schema.org","@graph":[{"@type":"WebPage","@id":"https:\/\/inova.to\/en\/events\/","url":"https:\/\/inova.to\/en\/events\/","name":"Events - INOVATO","isPartOf":{"@id":"https:\/\/inova.to\/en\/#website"},"datePublished":"2021-10-20T08:28:37+00:00","dateModified":"2022-01-08T00:01:44+00:00","description":"Najnov\u0161ie technologick\u00e9 pokroky za uplynul\u00ed rok na jednom mieste.","breadcrumb":{"@id":"https:\/\/inova.to\/en\/events\/#breadcrumb"},"inLanguage":"en-US","potentialAction":[{"@type":"ReadAction","target":["https:\/\/inova.to\/en\/events\/"]}]},{"@type":"BreadcrumbList","@id":"https:\/\/inova.to\/en\/events\/#breadcrumb","itemListElement":[{"@type":"ListItem","position":1,"name":"Domovsk\u00e1 str\u00e1nka","item":"https:\/\/inova.to\/en\/inovato-2\/"},{"@type":"ListItem","position":2,"name":"Events"}]},{"@type":"WebSite","@id":"https:\/\/inova.to\/en\/#website","url":"https:\/\/inova.to\/en\/","name":"INOVATO","description":"Budujeme inov\u00e1torov a rozv\u00edjame siete spolupr\u00e1ce","potentialAction":[{"@type":"SearchAction","target":{"@type":"EntryPoint","urlTemplate":"https:\/\/inova.to\/en\/?s={search_term_string}"},"query-input":{"@type":"PropertyValueSpecification","valueRequired":true,"valueName":"search_term_string"}}],"inLanguage":"en-US"}]}},"_links":{"self":[{"href":"https:\/\/inova.to\/en\/wp-json\/wp\/v2\/pages\/3441","targetHints":{"allow":["GET"]}}],"collection":[{"href":"https:\/\/inova.to\/en\/wp-json\/wp\/v2\/pages"}],"about":[{"href":"https:\/\/inova.to\/en\/wp-json\/wp\/v2\/types\/page"}],"author":[{"embeddable":true,"href":"https:\/\/inova.to\/en\/wp-json\/wp\/v2\/users\/12"}],"replies":[{"embeddable":true,"href":"https:\/\/inova.to\/en\/wp-json\/wp\/v2\/comments?post=3441"}],"version-history":[{"count":1,"href":"https:\/\/inova.to\/en\/wp-json\/wp\/v2\/pages\/3441\/revisions"}],"predecessor-version":[{"id":3488,"href":"https:\/\/inova.to\/en\/wp-json\/wp\/v2\/pages\/3441\/revisions\/3488"}],"wp:attachment":[{"href":"https:\/\/inova.to\/en\/wp-json\/wp\/v2\/media?parent=3441"}],"curies":[{"name":"wp","href":"https:\/\/api.w.org\/{rel}","templated":true}]}}