{"id":3440,"date":"2021-11-02T08:26:37","date_gmt":"2021-11-02T07:26:37","guid":{"rendered":"https:\/\/inova.to\/o-nas\/"},"modified":"2025-03-01T09:44:52","modified_gmt":"2025-03-01T08:44:52","slug":"about-us","status":"publish","type":"page","link":"https:\/\/inova.to\/en\/about-us\/","title":{"rendered":"About us"},"content":{"rendered":"","protected":false},"excerpt":{"rendered":"","protected":false},"author":12,"featured_media":0,"parent":0,"menu_order":0,"comment_status":"closed","ping_status":"closed","template":"index.php","meta":{"_acf_changed":false,"footnotes":""},"class_list":["post-3440","page","type-page","status-publish","hentry"],"acf":[],"yoast_head":"<!-- This site is optimized with the Yoast SEO plugin v27.4 - https:\/\/yoast.com\/product\/yoast-seo-wordpress\/ -->\n<title>About us - INOVATO<\/title>\n<meta name=\"description\" content=\"INOVATO \u2013 A dynamic and passionate group of professionals driving innovation, connecting minds, and empowering growth.\" \/>\n<meta name=\"robots\" content=\"index, follow, max-snippet:-1, max-image-preview:large, max-video-preview:-1\" \/>\n<link rel=\"canonical\" href=\"https:\/\/inova.to\/en\/about-us\/\" \/>\n<meta property=\"og:locale\" content=\"en_US\" \/>\n<meta property=\"og:type\" content=\"article\" \/>\n<meta property=\"og:title\" content=\"About us - INOVATO\" \/>\n<meta property=\"og:description\" content=\"INOVATO \u2013 A dynamic and passionate group of professionals driving innovation, connecting minds, and empowering growth.\" \/>\n<meta property=\"og:url\" content=\"https:\/\/inova.to\/en\/about-us\/\" \/>\n<meta property=\"og:site_name\" content=\"INOVATO\" \/>\n<meta property=\"article:modified_time\" content=\"2025-03-01T08:44:52+00:00\" \/>\n<meta name=\"twitter:card\" content=\"summary_large_image\" \/>\n<script type=\"application\/ld+json\" class=\"yoast-schema-graph\">{\"@context\":\"https:\\\/\\\/schema.org\",\"@graph\":[{\"@type\":\"WebPage\",\"@id\":\"https:\\\/\\\/inova.to\\\/en\\\/about-us\\\/\",\"url\":\"https:\\\/\\\/inova.to\\\/en\\\/about-us\\\/\",\"name\":\"About us - INOVATO\",\"isPartOf\":{\"@id\":\"https:\\\/\\\/inova.to\\\/en\\\/#website\"},\"datePublished\":\"2021-11-02T07:26:37+00:00\",\"dateModified\":\"2025-03-01T08:44:52+00:00\",\"description\":\"INOVATO \u2013 A dynamic and passionate group of professionals driving innovation, connecting minds, and empowering growth.\",\"breadcrumb\":{\"@id\":\"https:\\\/\\\/inova.to\\\/en\\\/about-us\\\/#breadcrumb\"},\"inLanguage\":\"en-US\",\"potentialAction\":[{\"@type\":\"ReadAction\",\"target\":[\"https:\\\/\\\/inova.to\\\/en\\\/about-us\\\/\"]}]},{\"@type\":\"BreadcrumbList\",\"@id\":\"https:\\\/\\\/inova.to\\\/en\\\/about-us\\\/#breadcrumb\",\"itemListElement\":[{\"@type\":\"ListItem\",\"position\":1,\"name\":\"Domovsk\u00e1 str\u00e1nka\",\"item\":\"https:\\\/\\\/inova.to\\\/en\\\/inovato-2\\\/\"},{\"@type\":\"ListItem\",\"position\":2,\"name\":\"About us\"}]},{\"@type\":\"WebSite\",\"@id\":\"https:\\\/\\\/inova.to\\\/en\\\/#website\",\"url\":\"https:\\\/\\\/inova.to\\\/en\\\/\",\"name\":\"INOVATO\",\"description\":\"Budujeme inov\u00e1torov a rozv\u00edjame siete spolupr\u00e1ce\",\"potentialAction\":[{\"@type\":\"SearchAction\",\"target\":{\"@type\":\"EntryPoint\",\"urlTemplate\":\"https:\\\/\\\/inova.to\\\/en\\\/?s={search_term_string}\"},\"query-input\":{\"@type\":\"PropertyValueSpecification\",\"valueRequired\":true,\"valueName\":\"search_term_string\"}}],\"inLanguage\":\"en-US\"}]}<\/script>\n<!-- \/ Yoast SEO plugin. -->","yoast_head_json":{"title":"About us - INOVATO","description":"INOVATO \u2013 A dynamic and passionate group of professionals driving innovation, connecting minds, and empowering growth.","robots":{"index":"index","follow":"follow","max-snippet":"max-snippet:-1","max-image-preview":"max-image-preview:large","max-video-preview":"max-video-preview:-1"},"canonical":"https:\/\/inova.to\/en\/about-us\/","og_locale":"en_US","og_type":"article","og_title":"About us - INOVATO","og_description":"INOVATO \u2013 A dynamic and passionate group of professionals driving innovation, connecting minds, and empowering growth.","og_url":"https:\/\/inova.to\/en\/about-us\/","og_site_name":"INOVATO","article_modified_time":"2025-03-01T08:44:52+00:00","twitter_card":"summary_large_image","schema":{"@context":"https:\/\/schema.org","@graph":[{"@type":"WebPage","@id":"https:\/\/inova.to\/en\/about-us\/","url":"https:\/\/inova.to\/en\/about-us\/","name":"About us - INOVATO","isPartOf":{"@id":"https:\/\/inova.to\/en\/#website"},"datePublished":"2021-11-02T07:26:37+00:00","dateModified":"2025-03-01T08:44:52+00:00","description":"INOVATO \u2013 A dynamic and passionate group of professionals driving innovation, connecting minds, and empowering growth.","breadcrumb":{"@id":"https:\/\/inova.to\/en\/about-us\/#breadcrumb"},"inLanguage":"en-US","potentialAction":[{"@type":"ReadAction","target":["https:\/\/inova.to\/en\/about-us\/"]}]},{"@type":"BreadcrumbList","@id":"https:\/\/inova.to\/en\/about-us\/#breadcrumb","itemListElement":[{"@type":"ListItem","position":1,"name":"Domovsk\u00e1 str\u00e1nka","item":"https:\/\/inova.to\/en\/inovato-2\/"},{"@type":"ListItem","position":2,"name":"About us"}]},{"@type":"WebSite","@id":"https:\/\/inova.to\/en\/#website","url":"https:\/\/inova.to\/en\/","name":"INOVATO","description":"Budujeme inov\u00e1torov a rozv\u00edjame siete spolupr\u00e1ce","potentialAction":[{"@type":"SearchAction","target":{"@type":"EntryPoint","urlTemplate":"https:\/\/inova.to\/en\/?s={search_term_string}"},"query-input":{"@type":"PropertyValueSpecification","valueRequired":true,"valueName":"search_term_string"}}],"inLanguage":"en-US"}]}},"_links":{"self":[{"href":"https:\/\/inova.to\/en\/wp-json\/wp\/v2\/pages\/3440","targetHints":{"allow":["GET"]}}],"collection":[{"href":"https:\/\/inova.to\/en\/wp-json\/wp\/v2\/pages"}],"about":[{"href":"https:\/\/inova.to\/en\/wp-json\/wp\/v2\/types\/page"}],"author":[{"embeddable":true,"href":"https:\/\/inova.to\/en\/wp-json\/wp\/v2\/users\/12"}],"replies":[{"embeddable":true,"href":"https:\/\/inova.to\/en\/wp-json\/wp\/v2\/comments?post=3440"}],"version-history":[{"count":13,"href":"https:\/\/inova.to\/en\/wp-json\/wp\/v2\/pages\/3440\/revisions"}],"predecessor-version":[{"id":12588,"href":"https:\/\/inova.to\/en\/wp-json\/wp\/v2\/pages\/3440\/revisions\/12588"}],"wp:attachment":[{"href":"https:\/\/inova.to\/en\/wp-json\/wp\/v2\/media?parent=3440"}],"curies":[{"name":"wp","href":"https:\/\/api.w.org\/{rel}","templated":true}]}}