{"id":3437,"date":"2021-12-06T08:00:22","date_gmt":"2021-12-06T07:00:22","guid":{"rendered":"https:\/\/inova.to\/cluster\/"},"modified":"2025-12-02T17:58:51","modified_gmt":"2025-12-02T16:58:51","slug":"inovato-cluster","status":"publish","type":"page","link":"https:\/\/inova.to\/en\/inovato-cluster\/","title":{"rendered":"INOVATO CLUSTER"},"content":{"rendered":"","protected":false},"excerpt":{"rendered":"","protected":false},"author":12,"featured_media":0,"parent":0,"menu_order":0,"comment_status":"closed","ping_status":"closed","template":"","meta":{"_acf_changed":false,"footnotes":""},"class_list":["post-3437","page","type-page","status-publish","hentry"],"acf":[],"yoast_head":"<!-- This site is optimized with the Yoast SEO plugin v27.5 - https:\/\/yoast.com\/product\/yoast-seo-wordpress\/ -->\n<title>INOVATO CLUSTER - INOVATO<\/title>\n<meta name=\"description\" content=\"INOVATO CLUSTER is a group of companies fostering innovation and collaboration across multiple sectors with focus on networking and synergies.\" \/>\n<meta name=\"robots\" content=\"index, follow, max-snippet:-1, max-image-preview:large, max-video-preview:-1\" \/>\n<link rel=\"canonical\" href=\"https:\/\/inova.to\/en\/inovato-cluster\/\" \/>\n<meta property=\"og:locale\" content=\"en_US\" \/>\n<meta property=\"og:type\" content=\"article\" \/>\n<meta property=\"og:title\" content=\"INOVATO CLUSTER - INOVATO\" \/>\n<meta property=\"og:description\" content=\"INOVATO CLUSTER is a group of companies fostering innovation and collaboration across multiple sectors with focus on networking and synergies.\" \/>\n<meta property=\"og:url\" content=\"https:\/\/inova.to\/en\/inovato-cluster\/\" \/>\n<meta property=\"og:site_name\" content=\"INOVATO\" \/>\n<meta property=\"article:modified_time\" content=\"2025-12-02T16:58:51+00:00\" \/>\n<meta name=\"twitter:card\" content=\"summary_large_image\" \/>\n<script type=\"application\/ld+json\" class=\"yoast-schema-graph\">{\"@context\":\"https:\\\/\\\/schema.org\",\"@graph\":[{\"@type\":\"WebPage\",\"@id\":\"https:\\\/\\\/inova.to\\\/en\\\/inovato-cluster\\\/\",\"url\":\"https:\\\/\\\/inova.to\\\/en\\\/inovato-cluster\\\/\",\"name\":\"INOVATO CLUSTER - INOVATO\",\"isPartOf\":{\"@id\":\"https:\\\/\\\/inova.to\\\/en\\\/#website\"},\"datePublished\":\"2021-12-06T07:00:22+00:00\",\"dateModified\":\"2025-12-02T16:58:51+00:00\",\"description\":\"INOVATO CLUSTER is a group of companies fostering innovation and collaboration across multiple sectors with focus on networking and synergies.\",\"breadcrumb\":{\"@id\":\"https:\\\/\\\/inova.to\\\/en\\\/inovato-cluster\\\/#breadcrumb\"},\"inLanguage\":\"en-US\",\"potentialAction\":[{\"@type\":\"ReadAction\",\"target\":[\"https:\\\/\\\/inova.to\\\/en\\\/inovato-cluster\\\/\"]}]},{\"@type\":\"BreadcrumbList\",\"@id\":\"https:\\\/\\\/inova.to\\\/en\\\/inovato-cluster\\\/#breadcrumb\",\"itemListElement\":[{\"@type\":\"ListItem\",\"position\":1,\"name\":\"Domovsk\u00e1 str\u00e1nka\",\"item\":\"https:\\\/\\\/inova.to\\\/en\\\/inovato-2\\\/\"},{\"@type\":\"ListItem\",\"position\":2,\"name\":\"INOVATO CLUSTER\"}]},{\"@type\":\"WebSite\",\"@id\":\"https:\\\/\\\/inova.to\\\/en\\\/#website\",\"url\":\"https:\\\/\\\/inova.to\\\/en\\\/\",\"name\":\"INOVATO\",\"description\":\"Budujeme inov\u00e1torov a rozv\u00edjame siete spolupr\u00e1ce\",\"potentialAction\":[{\"@type\":\"SearchAction\",\"target\":{\"@type\":\"EntryPoint\",\"urlTemplate\":\"https:\\\/\\\/inova.to\\\/en\\\/?s={search_term_string}\"},\"query-input\":{\"@type\":\"PropertyValueSpecification\",\"valueRequired\":true,\"valueName\":\"search_term_string\"}}],\"inLanguage\":\"en-US\"}]}<\/script>\n<!-- \/ Yoast SEO plugin. -->","yoast_head_json":{"title":"INOVATO CLUSTER - INOVATO","description":"INOVATO CLUSTER is a group of companies fostering innovation and collaboration across multiple sectors with focus on networking and synergies.","robots":{"index":"index","follow":"follow","max-snippet":"max-snippet:-1","max-image-preview":"max-image-preview:large","max-video-preview":"max-video-preview:-1"},"canonical":"https:\/\/inova.to\/en\/inovato-cluster\/","og_locale":"en_US","og_type":"article","og_title":"INOVATO CLUSTER - INOVATO","og_description":"INOVATO CLUSTER is a group of companies fostering innovation and collaboration across multiple sectors with focus on networking and synergies.","og_url":"https:\/\/inova.to\/en\/inovato-cluster\/","og_site_name":"INOVATO","article_modified_time":"2025-12-02T16:58:51+00:00","twitter_card":"summary_large_image","schema":{"@context":"https:\/\/schema.org","@graph":[{"@type":"WebPage","@id":"https:\/\/inova.to\/en\/inovato-cluster\/","url":"https:\/\/inova.to\/en\/inovato-cluster\/","name":"INOVATO CLUSTER - INOVATO","isPartOf":{"@id":"https:\/\/inova.to\/en\/#website"},"datePublished":"2021-12-06T07:00:22+00:00","dateModified":"2025-12-02T16:58:51+00:00","description":"INOVATO CLUSTER is a group of companies fostering innovation and collaboration across multiple sectors with focus on networking and synergies.","breadcrumb":{"@id":"https:\/\/inova.to\/en\/inovato-cluster\/#breadcrumb"},"inLanguage":"en-US","potentialAction":[{"@type":"ReadAction","target":["https:\/\/inova.to\/en\/inovato-cluster\/"]}]},{"@type":"BreadcrumbList","@id":"https:\/\/inova.to\/en\/inovato-cluster\/#breadcrumb","itemListElement":[{"@type":"ListItem","position":1,"name":"Domovsk\u00e1 str\u00e1nka","item":"https:\/\/inova.to\/en\/inovato-2\/"},{"@type":"ListItem","position":2,"name":"INOVATO CLUSTER"}]},{"@type":"WebSite","@id":"https:\/\/inova.to\/en\/#website","url":"https:\/\/inova.to\/en\/","name":"INOVATO","description":"Budujeme inov\u00e1torov a rozv\u00edjame siete spolupr\u00e1ce","potentialAction":[{"@type":"SearchAction","target":{"@type":"EntryPoint","urlTemplate":"https:\/\/inova.to\/en\/?s={search_term_string}"},"query-input":{"@type":"PropertyValueSpecification","valueRequired":true,"valueName":"search_term_string"}}],"inLanguage":"en-US"}]}},"_links":{"self":[{"href":"https:\/\/inova.to\/en\/wp-json\/wp\/v2\/pages\/3437","targetHints":{"allow":["GET"]}}],"collection":[{"href":"https:\/\/inova.to\/en\/wp-json\/wp\/v2\/pages"}],"about":[{"href":"https:\/\/inova.to\/en\/wp-json\/wp\/v2\/types\/page"}],"author":[{"embeddable":true,"href":"https:\/\/inova.to\/en\/wp-json\/wp\/v2\/users\/12"}],"replies":[{"embeddable":true,"href":"https:\/\/inova.to\/en\/wp-json\/wp\/v2\/comments?post=3437"}],"version-history":[{"count":66,"href":"https:\/\/inova.to\/en\/wp-json\/wp\/v2\/pages\/3437\/revisions"}],"predecessor-version":[{"id":14213,"href":"https:\/\/inova.to\/en\/wp-json\/wp\/v2\/pages\/3437\/revisions\/14213"}],"wp:attachment":[{"href":"https:\/\/inova.to\/en\/wp-json\/wp\/v2\/media?parent=3437"}],"curies":[{"name":"wp","href":"https:\/\/api.w.org\/{rel}","templated":true}]}}