{"id":3436,"date":"2021-10-18T14:46:12","date_gmt":"2021-10-18T12:46:12","guid":{"rendered":"https:\/\/inova.to\/blog\/"},"modified":"2022-01-08T00:49:50","modified_gmt":"2022-01-07T23:49:50","slug":"blog","status":"publish","type":"page","link":"https:\/\/inova.to\/en\/blog\/","title":{"rendered":"Blog"},"content":{"rendered":"","protected":false},"excerpt":{"rendered":"","protected":false},"author":12,"featured_media":10136,"parent":0,"menu_order":0,"comment_status":"closed","ping_status":"closed","template":"archive.php","meta":{"_acf_changed":false,"footnotes":""},"class_list":["post-3436","page","type-page","status-publish","has-post-thumbnail","hentry"],"acf":[],"yoast_head":"<!-- This site is optimized with the Yoast SEO plugin v27.4 - https:\/\/yoast.com\/product\/yoast-seo-wordpress\/ -->\n<title>Blog - INOVATO<\/title>\n<meta name=\"description\" content=\"INOVATO blogov\u00e9 \u010dl\u00e1nky. Najnov\u0161ie technologick\u00e9 trendy a k\u013e\u00fa\u010dov\u00ed experti na jednom mieste.\" \/>\n<meta name=\"robots\" content=\"index, follow, max-snippet:-1, max-image-preview:large, max-video-preview:-1\" \/>\n<link rel=\"canonical\" href=\"https:\/\/inova.to\/en\/blog\/\" \/>\n<meta property=\"og:locale\" content=\"en_US\" \/>\n<meta property=\"og:type\" content=\"article\" \/>\n<meta property=\"og:title\" content=\"Blog - INOVATO\" \/>\n<meta property=\"og:description\" content=\"INOVATO blogov\u00e9 \u010dl\u00e1nky. Najnov\u0161ie technologick\u00e9 trendy a k\u013e\u00fa\u010dov\u00ed experti na jednom mieste.\" \/>\n<meta property=\"og:url\" content=\"https:\/\/inova.to\/en\/blog\/\" \/>\n<meta property=\"og:site_name\" content=\"INOVATO\" \/>\n<meta property=\"article:modified_time\" content=\"2022-01-07T23:49:50+00:00\" \/>\n<meta name=\"twitter:card\" content=\"summary_large_image\" \/>\n<script type=\"application\/ld+json\" class=\"yoast-schema-graph\">{\"@context\":\"https:\\\/\\\/schema.org\",\"@graph\":[{\"@type\":\"WebPage\",\"@id\":\"https:\\\/\\\/inova.to\\\/en\\\/blog\\\/\",\"url\":\"https:\\\/\\\/inova.to\\\/en\\\/blog\\\/\",\"name\":\"Blog - INOVATO\",\"isPartOf\":{\"@id\":\"https:\\\/\\\/inova.to\\\/en\\\/#website\"},\"primaryImageOfPage\":{\"@id\":\"https:\\\/\\\/inova.to\\\/en\\\/blog\\\/#primaryimage\"},\"image\":{\"@id\":\"https:\\\/\\\/inova.to\\\/en\\\/blog\\\/#primaryimage\"},\"thumbnailUrl\":\"https:\\\/\\\/inova.to\\\/wp-content\\\/uploads\\\/2024\\\/01\\\/IMG_4909-v-15-15-FIN-copy.jpg\",\"datePublished\":\"2021-10-18T12:46:12+00:00\",\"dateModified\":\"2022-01-07T23:49:50+00:00\",\"description\":\"INOVATO blogov\u00e9 \u010dl\u00e1nky. Najnov\u0161ie technologick\u00e9 trendy a k\u013e\u00fa\u010dov\u00ed experti na jednom mieste.\",\"breadcrumb\":{\"@id\":\"https:\\\/\\\/inova.to\\\/en\\\/blog\\\/#breadcrumb\"},\"inLanguage\":\"en-US\",\"potentialAction\":[{\"@type\":\"ReadAction\",\"target\":[\"https:\\\/\\\/inova.to\\\/en\\\/blog\\\/\"]}]},{\"@type\":\"ImageObject\",\"inLanguage\":\"en-US\",\"@id\":\"https:\\\/\\\/inova.to\\\/en\\\/blog\\\/#primaryimage\",\"url\":\"https:\\\/\\\/inova.to\\\/wp-content\\\/uploads\\\/2024\\\/01\\\/IMG_4909-v-15-15-FIN-copy.jpg\",\"contentUrl\":\"https:\\\/\\\/inova.to\\\/wp-content\\\/uploads\\\/2024\\\/01\\\/IMG_4909-v-15-15-FIN-copy.jpg\",\"width\":2400,\"height\":1600},{\"@type\":\"BreadcrumbList\",\"@id\":\"https:\\\/\\\/inova.to\\\/en\\\/blog\\\/#breadcrumb\",\"itemListElement\":[{\"@type\":\"ListItem\",\"position\":1,\"name\":\"Domovsk\u00e1 str\u00e1nka\",\"item\":\"https:\\\/\\\/inova.to\\\/en\\\/inovato-2\\\/\"},{\"@type\":\"ListItem\",\"position\":2,\"name\":\"Blog\"}]},{\"@type\":\"WebSite\",\"@id\":\"https:\\\/\\\/inova.to\\\/en\\\/#website\",\"url\":\"https:\\\/\\\/inova.to\\\/en\\\/\",\"name\":\"INOVATO\",\"description\":\"Budujeme inov\u00e1torov a rozv\u00edjame siete spolupr\u00e1ce\",\"potentialAction\":[{\"@type\":\"SearchAction\",\"target\":{\"@type\":\"EntryPoint\",\"urlTemplate\":\"https:\\\/\\\/inova.to\\\/en\\\/?s={search_term_string}\"},\"query-input\":{\"@type\":\"PropertyValueSpecification\",\"valueRequired\":true,\"valueName\":\"search_term_string\"}}],\"inLanguage\":\"en-US\"}]}<\/script>\n<!-- \/ Yoast SEO plugin. -->","yoast_head_json":{"title":"Blog - INOVATO","description":"INOVATO blogov\u00e9 \u010dl\u00e1nky. Najnov\u0161ie technologick\u00e9 trendy a k\u013e\u00fa\u010dov\u00ed experti na jednom mieste.","robots":{"index":"index","follow":"follow","max-snippet":"max-snippet:-1","max-image-preview":"max-image-preview:large","max-video-preview":"max-video-preview:-1"},"canonical":"https:\/\/inova.to\/en\/blog\/","og_locale":"en_US","og_type":"article","og_title":"Blog - INOVATO","og_description":"INOVATO blogov\u00e9 \u010dl\u00e1nky. Najnov\u0161ie technologick\u00e9 trendy a k\u013e\u00fa\u010dov\u00ed experti na jednom mieste.","og_url":"https:\/\/inova.to\/en\/blog\/","og_site_name":"INOVATO","article_modified_time":"2022-01-07T23:49:50+00:00","twitter_card":"summary_large_image","schema":{"@context":"https:\/\/schema.org","@graph":[{"@type":"WebPage","@id":"https:\/\/inova.to\/en\/blog\/","url":"https:\/\/inova.to\/en\/blog\/","name":"Blog - INOVATO","isPartOf":{"@id":"https:\/\/inova.to\/en\/#website"},"primaryImageOfPage":{"@id":"https:\/\/inova.to\/en\/blog\/#primaryimage"},"image":{"@id":"https:\/\/inova.to\/en\/blog\/#primaryimage"},"thumbnailUrl":"https:\/\/inova.to\/wp-content\/uploads\/2024\/01\/IMG_4909-v-15-15-FIN-copy.jpg","datePublished":"2021-10-18T12:46:12+00:00","dateModified":"2022-01-07T23:49:50+00:00","description":"INOVATO blogov\u00e9 \u010dl\u00e1nky. Najnov\u0161ie technologick\u00e9 trendy a k\u013e\u00fa\u010dov\u00ed experti na jednom mieste.","breadcrumb":{"@id":"https:\/\/inova.to\/en\/blog\/#breadcrumb"},"inLanguage":"en-US","potentialAction":[{"@type":"ReadAction","target":["https:\/\/inova.to\/en\/blog\/"]}]},{"@type":"ImageObject","inLanguage":"en-US","@id":"https:\/\/inova.to\/en\/blog\/#primaryimage","url":"https:\/\/inova.to\/wp-content\/uploads\/2024\/01\/IMG_4909-v-15-15-FIN-copy.jpg","contentUrl":"https:\/\/inova.to\/wp-content\/uploads\/2024\/01\/IMG_4909-v-15-15-FIN-copy.jpg","width":2400,"height":1600},{"@type":"BreadcrumbList","@id":"https:\/\/inova.to\/en\/blog\/#breadcrumb","itemListElement":[{"@type":"ListItem","position":1,"name":"Domovsk\u00e1 str\u00e1nka","item":"https:\/\/inova.to\/en\/inovato-2\/"},{"@type":"ListItem","position":2,"name":"Blog"}]},{"@type":"WebSite","@id":"https:\/\/inova.to\/en\/#website","url":"https:\/\/inova.to\/en\/","name":"INOVATO","description":"Budujeme inov\u00e1torov a rozv\u00edjame siete spolupr\u00e1ce","potentialAction":[{"@type":"SearchAction","target":{"@type":"EntryPoint","urlTemplate":"https:\/\/inova.to\/en\/?s={search_term_string}"},"query-input":{"@type":"PropertyValueSpecification","valueRequired":true,"valueName":"search_term_string"}}],"inLanguage":"en-US"}]}},"_links":{"self":[{"href":"https:\/\/inova.to\/en\/wp-json\/wp\/v2\/pages\/3436","targetHints":{"allow":["GET"]}}],"collection":[{"href":"https:\/\/inova.to\/en\/wp-json\/wp\/v2\/pages"}],"about":[{"href":"https:\/\/inova.to\/en\/wp-json\/wp\/v2\/types\/page"}],"author":[{"embeddable":true,"href":"https:\/\/inova.to\/en\/wp-json\/wp\/v2\/users\/12"}],"replies":[{"embeddable":true,"href":"https:\/\/inova.to\/en\/wp-json\/wp\/v2\/comments?post=3436"}],"version-history":[{"count":1,"href":"https:\/\/inova.to\/en\/wp-json\/wp\/v2\/pages\/3436\/revisions"}],"predecessor-version":[{"id":3484,"href":"https:\/\/inova.to\/en\/wp-json\/wp\/v2\/pages\/3436\/revisions\/3484"}],"wp:featuredmedia":[{"embeddable":true,"href":"https:\/\/inova.to\/en\/wp-json\/wp\/v2\/media\/10136"}],"wp:attachment":[{"href":"https:\/\/inova.to\/en\/wp-json\/wp\/v2\/media?parent=3436"}],"curies":[{"name":"wp","href":"https:\/\/api.w.org\/{rel}","templated":true}]}}